{"id":60298,"date":"2022-05-27T11:21:00","date_gmt":"2022-05-27T11:21:00","guid":{"rendered":"https:\/\/ideamakers.agency\/?page_id=60298"},"modified":"2022-08-01T10:42:44","modified_gmt":"2022-08-01T10:42:44","slug":"intensyvus-pusdienis","status":"publish","type":"page","link":"https:\/\/ideamakers.agency\/index.php\/mokymai\/intensyvus-pusdienis\/","title":{"rendered":"Intensyvus pusdienis"},"content":{"rendered":"<p>[et_pb_section fb_built=\u201c1&#8243; admin_label=\u201csection\u201c _builder_version=\u201c4.17.4&#8243; background_color=\u201cgcid-d4ba2a8c-436d-481f-8b11-2f06993d9c82&#8243; global_colors_info=\u201c{%22gcid-d4ba2a8c-436d-481f-8b11-2f06993d9c82%22:%91%22background_color%22%93}\u201c][et_pb_row _builder_version=\u201c4.17.4&#8243; _module_preset=\u201cdefault\u201c custom_margin=\u201c80px||||false|false\u201c custom_padding=\u201c2px|||||\u201c global_colors_info=\u201c{}\u201c][et_pb_column type=\u201c4_4&#8243; _builder_version=\u201c4.17.4&#8243; _module_preset=\u201cdefault\u201c global_colors_info=\u201c{}\u201c][et_pb_text _builder_version=\u201c4.17.4&#8243; _module_preset=\u201cdefault\u201c header_font=\u201cGilroy ExtraBold|||on|||||\u201c header_text_align=\u201ccenter\u201c header_text_color=\u201c#FFFFFF\u201c header_font_size=\u201c40px\u201c header_letter_spacing=\u201c2px\u201c custom_margin=\u201c80px||||false|false\u201c global_colors_info=\u201c{}\u201c]<\/p>\n<h1><span class=\"JsGRdQ\">INTENSYVUS PUSDIENIS<\/span><\/h1>\n<p>[\/et_pb_text][\/et_pb_column][\/et_pb_row][\/et_pb_section][et_pb_section fb_built=\u201c1&#8243; _builder_version=\u201c4.17.4&#8243; _module_preset=\u201cdefault\u201c global_colors_info=\u201c{}\u201c][et_pb_row _builder_version=\u201c4.17.4&#8243; _module_preset=\u201cdefault\u201c custom_margin=\u201c35px|auto||auto||\u201c custom_padding=\u201c6px|||||\u201c global_colors_info=\u201c{}\u201c][et_pb_column type=\u201c4_4&#8243; _builder_version=\u201c4.17.4&#8243; _module_preset=\u201cdefault\u201c global_colors_info=\u201c{}\u201c][et_pb_text _builder_version=\u201c4.17.4&#8243; _module_preset=\u201cdefault\u201c text_font=\u201cGilroy Light|700|||||||\u201c text_letter_spacing=\u201c0.5px\u201c hover_enabled=\u201c0&#8243; global_colors_info=\u201c{}\u201c sticky_enabled=\u201c0&#8243;]<\/p>\n<h2 style=\"text-align: center;\">Tur\u0117kite ai\u0161ki\u0105 STRATEGIJ\u0104 ir 100% ja PASITIK\u0116KITE!<\/h2>\n<h4 style=\"text-align: center;\">Intensyvus pusdienis skirtas tik Jums: J\u016bs\u0173 poreikiams ir tikslams pasiekti.<\/h4>\n<p style=\"text-align: center;\"><em>Strategija<\/em><\/p>\n<p style=\"text-align: center;\"><em>\u017dinut\u0117<\/em><\/p>\n<p style=\"text-align: center;\"><em>Reklama<\/em><\/p>\n<p style=\"text-align: center;\">Nustatykite <strong>prioritetus<\/strong>, o mes \u012fgyvendinsime J\u016bs\u0173 <strong>norus<\/strong>.<\/p>\n<p style=\"text-align: center;\">Reikia pardavim\u0173 strategijos? Prek\u0117s \u017eenklo \u017einut\u0117s? \u017dini\u0173, kaip sukurti veikian\u010di\u0105 naujienlai\u0161ki\u0173 kampanij\u0105? B\u016btina internetin\u0117s svetain\u0117s per\u017ei\u016bra ir korekcija?<\/p>\n<p style=\"text-align: center;\">Ta\u010diau nepamir\u0161kite, kad reik\u0117s \u012fd\u0117ti darbo ir Jums. Mes &#8211; <strong>KOMANDA<\/strong>. <em>Jei dirbti kartu nenorite, o norite, kad viskas b\u016bt\u0173 padaryta u\u017e Jus: pagalvokite apie VIP strategijos k\u016brim\u0105 arba kit\u0105 individuali\u0105 paslaug\u0105.<\/em><\/p>\n<p>[\/et_pb_text][\/et_pb_column][\/et_pb_row][et_pb_row _builder_version=\u201c4.17.4&#8243; _module_preset=\u201cdefault\u201c custom_padding=\u201c1px|||||\u201c global_colors_info=\u201c{}\u201c][et_pb_column type=\u201c4_4&#8243; _builder_version=\u201c4.17.4&#8243; _module_preset=\u201cdefault\u201c global_colors_info=\u201c{}\u201c][et_pb_button button_url=\u201chttps:\/\/calendly.com\/ideamakers\/30min\u201c url_new_window=\u201con\u201c button_text=\u201cDirbkime kartu\u201c button_alignment_tablet=\u201ccenter\u201c button_alignment_phone=\u201ccenter\u201c button_alignment_last_edited=\u201con|phone\u201c module_class=\u201cmobile-full-width\u201c _builder_version=\u201c4.17.4&#8243; _module_preset=\u201cdefault\u201c button_bg_color=\u201cgcid-d5574d0f-8041-444f-b2f6-e6fa18cf3ab5&#8243; custom_margin_tablet=\u201c||||false|false\u201c custom_margin_phone=\u201c||||false|false\u201c custom_margin_last_edited=\u201con|desktop\u201c custom_padding=\u201c1em|2em|1em|2em|true|true\u201c button_letter_spacing_tablet=\u201c\u201c button_letter_spacing_phone=\u201c\u201c button_letter_spacing_last_edited=\u201con|tablet\u201c global_module=\u201c237&#8243; saved_tabs=\u201call\u201c global_colors_info=\u201c{%22gcid-d5574d0f-8041-444f-b2f6-e6fa18cf3ab5%22:%91%22button_bg_color%22%93,%22gcid-d4ba2a8c-436d-481f-8b11-2f06993d9c82%22:%91%22button_bg_color__hover%22%93}\u201c button_bg_enable_color__hover=\u201con\u201c][\/et_pb_button][\/et_pb_column][\/et_pb_row][et_pb_row _builder_version=\u201c4.17.4&#8243; _module_preset=\u201cdefault\u201c global_colors_info=\u201c{}\u201c][et_pb_column type=\u201c4_4&#8243; _builder_version=\u201c4.17.4&#8243; _module_preset=\u201cdefault\u201c global_colors_info=\u201c{}\u201c][et_pb_text _builder_version=\u201c4.17.4&#8243; _module_preset=\u201cdefault\u201c global_colors_info=\u201c{}\u201c]<\/p>\n<h2 style=\"text-align: center;\">KAIP TAI VEIKIA?<\/h2>\n<p>[\/et_pb_text][\/et_pb_column][\/et_pb_row][et_pb_row column_structure=\u201c1_3,1_3,1_3&#8243; _builder_version=\u201c4.17.4&#8243; _module_preset=\u201cdefault\u201c min_height=\u201c296px\u201c global_colors_info=\u201c{}\u201c][et_pb_column type=\u201c1_3&#8243; _builder_version=\u201c4.17.4&#8243; _module_preset=\u201cdefault\u201c global_colors_info=\u201c{}\u201c][et_pb_text _builder_version=\u201c4.17.4&#8243; _module_preset=\u201cdefault\u201c hover_enabled=\u201c0&#8243; global_colors_info=\u201c{}\u201c sticky_enabled=\u201c0&#8243;]<\/p>\n<h3>PIRMA DALIS: STRATEGIJA<\/h3>\n<h4>Nustatykime arba per\u017ei\u016brkime J\u016bs\u0173 verslo tikslus:<\/h4>\n<ul>\n<li>Ko norite ir kaip save matote ateityje? Po 6 m\u0117nesi\u0173? Po 12? 24?<\/li>\n<li>Ko reikia Jums, kad pasiektum\u0117te tai, ko norite?<\/li>\n<li>Ar J\u016bs\u0173 tikslai yra ai\u0161k\u016bs, konkret\u016bs, ar juos galima \u201ei\u0161matuoti\u201c?<\/li>\n<\/ul>\n<p>[\/et_pb_text][\/et_pb_column][et_pb_column type=\u201c1_3&#8243; _builder_version=\u201c4.17.4&#8243; _module_preset=\u201cdefault\u201c global_colors_info=\u201c{}\u201c][et_pb_text _builder_version=\u201c4.17.4&#8243; _module_preset=\u201cdefault\u201c global_colors_info=\u201c{}\u201c]<\/p>\n<h3>ANTRA DALIS: KLIENTAS<\/h3>\n<h4>Apib\u016bdinkime savo ideal\u0173 klien\u0105:<\/h4>\n<ul>\n<li>Koks jis?<\/li>\n<li>Ko jam reikia? Kas j\u012f \u012fkvepia?<\/li>\n<li>Kokius \u017eod\u017eius, kok\u012f ton\u0105 turime rinktis komunikacijoje?<\/li>\n<\/ul>\n<p>[\/et_pb_text][\/et_pb_column][et_pb_column type=\u201c1_3&#8243; _builder_version=\u201c4.17.4&#8243; _module_preset=\u201cdefault\u201c global_colors_info=\u201c{}\u201c][et_pb_text _builder_version=\u201c4.17.4&#8243; _module_preset=\u201cdefault\u201c hover_enabled=\u201c0&#8243; global_colors_info=\u201c{}\u201c sticky_enabled=\u201c0&#8243;]<\/p>\n<h3>TRE\u010cIA DALIS: PAGRINDIN\u0116 \u017dINUT\u0116<\/h3>\n<h4>Nuspr\u0119skime k\u0105 komunikuosime:<\/h4>\n<ul>\n<li>Ai\u0161kiai nustatykime K\u0104 darome,<\/li>\n<li>Parodykime kaip atrodo kliento kelion\u0117 <em>(from 0 to HERO!)<\/em>.<\/li>\n<\/ul>\n<p>[\/et_pb_text][\/et_pb_column][\/et_pb_row][et_pb_row _builder_version=\u201c4.17.4&#8243; _module_preset=\u201cdefault\u201c global_colors_info=\u201c{}\u201c][et_pb_column type=\u201c4_4&#8243; _builder_version=\u201c4.17.4&#8243; _module_preset=\u201cdefault\u201c global_colors_info=\u201c{}\u201c][et_pb_text _builder_version=\u201c4.17.4&#8243; _module_preset=\u201cdefault\u201c hover_enabled=\u201c0&#8243; global_colors_info=\u201c{}\u201c sticky_enabled=\u201c0&#8243;]<\/p>\n<h1 style=\"text-align: center;\">Ar j\u016bs pasiruo\u0161\u0119 INTENSYVIAI padirb\u0117ti?<\/h1>\n<p style=\"text-align: center;\">Registruokit\u0117s <strong>NEMOKAMAI<\/strong> 15 minu\u010di\u0173 konsutacijai!<\/p>\n<p>[\/et_pb_text][et_pb_button button_url=\u201chttps:\/\/calendly.com\/ideamakers\/30min\u201c url_new_window=\u201con\u201c button_text=\u201cDirbkime kartu\u201c button_alignment_tablet=\u201ccenter\u201c button_alignment_phone=\u201ccenter\u201c button_alignment_last_edited=\u201con|phone\u201c module_class=\u201cmobile-full-width\u201c _builder_version=\u201c4.17.4&#8243; _module_preset=\u201cdefault\u201c button_bg_color=\u201cgcid-d5574d0f-8041-444f-b2f6-e6fa18cf3ab5&#8243; custom_margin_tablet=\u201c||||false|false\u201c custom_margin_phone=\u201c||||false|false\u201c custom_margin_last_edited=\u201con|desktop\u201c custom_padding=\u201c1em|2em|1em|2em|true|true\u201c button_letter_spacing_tablet=\u201c\u201c button_letter_spacing_phone=\u201c\u201c button_letter_spacing_last_edited=\u201con|tablet\u201c global_module=\u201c237&#8243; saved_tabs=\u201call\u201c global_colors_info=\u201c{%22gcid-d5574d0f-8041-444f-b2f6-e6fa18cf3ab5%22:%91%22button_bg_color%22%93,%22gcid-d4ba2a8c-436d-481f-8b11-2f06993d9c82%22:%91%22button_bg_color__hover%22%93}\u201c button_bg_enable_color__hover=\u201con\u201c][\/et_pb_button][\/et_pb_column][\/et_pb_row][\/et_pb_section]<\/p>\n<span class=\"et_bloom_bottom_trigger\"><\/span>","protected":false},"excerpt":{"rendered":"<p>INTENSYVUS PUSDIENISTur\u0117kite ai\u0161ki\u0105 STRATEGIJ\u0104 ir 100% ja PASITIK\u0116KITE! Intensyvus pusdienis skirtas tik Jums: J\u016bs\u0173 poreikiams ir tikslams pasiekti. Strategija \u017dinut\u0117 Reklama Nustatykite prioritetus, o mes \u012fgyvendinsime J\u016bs\u0173 norus. Reikia pardavim\u0173 strategijos? Prek\u0117s \u017eenklo \u017einut\u0117s? \u017dini\u0173, kaip sukurti veikian\u010di\u0105 naujienlai\u0161ki\u0173 kampanij\u0105? B\u016btina internetin\u0117s svetain\u0117s per\u017ei\u016bra ir korekcija? Ta\u010diau nepamir\u0161kite, kad reik\u0117s \u012fd\u0117ti darbo ir Jums. Mes [&hellip;]<\/p>\n","protected":false},"author":2,"featured_media":0,"parent":73,"menu_order":0,"comment_status":"closed","ping_status":"closed","template":"","meta":{"_et_pb_use_builder":"on","_et_pb_old_content":"","_et_gb_content_width":"","inline_featured_image":false},"_links":{"self":[{"href":"https:\/\/ideamakers.agency\/index.php\/wp-json\/wp\/v2\/pages\/60298"}],"collection":[{"href":"https:\/\/ideamakers.agency\/index.php\/wp-json\/wp\/v2\/pages"}],"about":[{"href":"https:\/\/ideamakers.agency\/index.php\/wp-json\/wp\/v2\/types\/page"}],"author":[{"embeddable":true,"href":"https:\/\/ideamakers.agency\/index.php\/wp-json\/wp\/v2\/users\/2"}],"replies":[{"embeddable":true,"href":"https:\/\/ideamakers.agency\/index.php\/wp-json\/wp\/v2\/comments?post=60298"}],"version-history":[{"count":8,"href":"https:\/\/ideamakers.agency\/index.php\/wp-json\/wp\/v2\/pages\/60298\/revisions"}],"predecessor-version":[{"id":60830,"href":"https:\/\/ideamakers.agency\/index.php\/wp-json\/wp\/v2\/pages\/60298\/revisions\/60830"}],"up":[{"embeddable":true,"href":"https:\/\/ideamakers.agency\/index.php\/wp-json\/wp\/v2\/pages\/73"}],"wp:attachment":[{"href":"https:\/\/ideamakers.agency\/index.php\/wp-json\/wp\/v2\/media?parent=60298"}],"curies":[{"name":"wp","href":"https:\/\/api.w.org\/{rel}","templated":true}]}}