{"id":60291,"date":"2022-05-27T11:14:41","date_gmt":"2022-05-27T11:14:41","guid":{"rendered":"https:\/\/ideamakers.agency\/?page_id=60291"},"modified":"2022-08-01T10:40:20","modified_gmt":"2022-08-01T10:40:20","slug":"60291-2","status":"publish","type":"page","link":"https:\/\/ideamakers.agency\/index.php\/mokymai\/60291-2\/","title":{"rendered":"Pasiskolinkite m\u016bs\u0173 galvas"},"content":{"rendered":"<p>[et_pb_section fb_built=\u201c1&#8243; admin_label=\u201csection\u201c _builder_version=\u201c4.17.4&#8243; background_color=\u201cgcid-d4ba2a8c-436d-481f-8b11-2f06993d9c82&#8243; global_colors_info=\u201c{%22gcid-d4ba2a8c-436d-481f-8b11-2f06993d9c82%22:%91%22background_color%22%93}\u201c][et_pb_row _builder_version=\u201c4.17.4&#8243; _module_preset=\u201cdefault\u201c custom_margin=\u201c80px||||false|false\u201c custom_padding=\u201c2px|||||\u201c global_colors_info=\u201c{}\u201c][et_pb_column type=\u201c4_4&#8243; _builder_version=\u201c4.17.4&#8243; _module_preset=\u201cdefault\u201c global_colors_info=\u201c{}\u201c][et_pb_text _builder_version=\u201c4.17.4&#8243; _module_preset=\u201cdefault\u201c header_font=\u201cGilroy ExtraBold|||on|||||\u201c header_text_align=\u201ccenter\u201c header_text_color=\u201c#FFFFFF\u201c header_font_size=\u201c40px\u201c header_letter_spacing=\u201c2px\u201c custom_margin=\u201c80px||||false|false\u201c header_font_size_tablet=\u201c40px\u201c header_font_size_phone=\u201c36px\u201c header_font_size_last_edited=\u201con|phone\u201c global_colors_info=\u201c{}\u201c]<\/p>\n<h1><span class=\"JsGRdQ\">PASISKOLINKITE M\u016aS\u0172 I\u0160MON\u0118<\/span><\/h1>\n<p>[\/et_pb_text][\/et_pb_column][\/et_pb_row][\/et_pb_section][et_pb_section fb_built=\u201c1&#8243; _builder_version=\u201c4.17.4&#8243; _module_preset=\u201cdefault\u201c global_colors_info=\u201c{}\u201c][et_pb_row _builder_version=\u201c4.17.4&#8243; _module_preset=\u201cdefault\u201c custom_padding=\u201c35px|||||\u201c global_colors_info=\u201c{}\u201c][et_pb_column type=\u201c4_4&#8243; _builder_version=\u201c4.17.4&#8243; _module_preset=\u201cdefault\u201c global_colors_info=\u201c{}\u201c][et_pb_text _builder_version=\u201c4.17.4&#8243; _module_preset=\u201cdefault\u201c text_font=\u201cGilroy Light|700|||||||\u201c text_letter_spacing=\u201c0.5px\u201c hover_enabled=\u201c0&#8243; global_colors_info=\u201c{}\u201c sticky_enabled=\u201c0&#8243;]<\/p>\n<h1 style=\"text-align: center;\">Ar kada tur\u0117jote abejoni\u0173 d\u0117l to k\u0105 ir kaip si\u016blote? Ar tinkamai pristatote savo prek\u0117s \u017eenkl\u0105? Galb\u016bt J\u016bs\u0173 \u017einut\u0117 n\u0117ra iki galo ai\u0161ki ir ne\u017einote nuo ko prad\u0117ti? \u201ePardavim\u0173 piltuv\u0117lis\u201c (sales funnel) neveikia taip, kaip nor\u0117tum\u0117te, kad veikt\u0173?<\/h1>\n<h3 style=\"text-align: center;\">Jums reikia \u017emogaus, kuris gal\u0117t\u0173 pad\u0117ti sugeneruoti id\u0117jas, susisteminti esam\u0105 informacij\u0105 ir suteikti nauj\u0173, profesionali\u0173 \u017eini\u0173; sukurt\u0173 plan\u0105 ir pad\u0117t\u0173 imtis konkre\u010di\u0173 veiksm\u0173 JAU DABAR.<\/h3>\n<p style=\"text-align: center;\">Registruokit\u0117s 15 minu\u010di\u0173 <strong>NEMOKAMAI<\/strong> konsultacijai!<\/p>\n<p>[\/et_pb_text][\/et_pb_column][\/et_pb_row][et_pb_row _builder_version=\u201c4.17.4&#8243; _module_preset=\u201cdefault\u201c global_colors_info=\u201c{}\u201c][et_pb_column type=\u201c4_4&#8243; _builder_version=\u201c4.17.4&#8243; _module_preset=\u201cdefault\u201c global_colors_info=\u201c{}\u201c][et_pb_button button_url=\u201chttps:\/\/calendly.com\/ideamakers\/30min\u201c url_new_window=\u201con\u201c button_text=\u201cDirbkime kartu\u201c button_alignment_tablet=\u201ccenter\u201c button_alignment_phone=\u201ccenter\u201c button_alignment_last_edited=\u201con|phone\u201c module_class=\u201cmobile-full-width\u201c _builder_version=\u201c4.17.4&#8243; _module_preset=\u201cdefault\u201c button_bg_color=\u201cgcid-d5574d0f-8041-444f-b2f6-e6fa18cf3ab5&#8243; custom_margin_tablet=\u201c||||false|false\u201c custom_margin_phone=\u201c||||false|false\u201c custom_margin_last_edited=\u201con|desktop\u201c custom_padding=\u201c1em|2em|1em|2em|true|true\u201c button_letter_spacing_tablet=\u201c\u201c button_letter_spacing_phone=\u201c\u201c button_letter_spacing_last_edited=\u201con|tablet\u201c global_module=\u201c237&#8243; saved_tabs=\u201call\u201c global_colors_info=\u201c{%22gcid-d5574d0f-8041-444f-b2f6-e6fa18cf3ab5%22:%91%22button_bg_color%22%93,%22gcid-d4ba2a8c-436d-481f-8b11-2f06993d9c82%22:%91%22button_bg_color__hover%22%93}\u201c button_bg_enable_color__hover=\u201con\u201c][\/et_pb_button][\/et_pb_column][\/et_pb_row][et_pb_row _builder_version=\u201c4.17.4&#8243; _module_preset=\u201cdefault\u201c global_colors_info=\u201c{}\u201c][et_pb_column type=\u201c4_4&#8243; _builder_version=\u201c4.17.4&#8243; _module_preset=\u201cdefault\u201c global_colors_info=\u201c{}\u201c][et_pb_text _builder_version=\u201c4.17.4&#8243; _module_preset=\u201cdefault\u201c hover_enabled=\u201c0&#8243; global_colors_info=\u201c{}\u201c sticky_enabled=\u201c0&#8243;]<\/p>\n<h1 style=\"text-align: center;\">Kuo J\u016bs\u0173 prek\u0117 ar paslauga yra ypatinga vienu ai\u0161kiu sakiniu? Galb\u016bt J\u016bs\u0173 \u012fmon\u0117s ar asmeninio brand&#8217;o istorija yra tokia ypatinga, kad nepavyksta susisteminti ir trumpai paai\u0161kinti? Klientui reikia \u201edeginti papildomas kalorijas\u201c, norint Jumis susi\u017eav\u0117ti?<\/h1>\n<p style=\"text-align: center;\">Si\u016blome 1:1 strategin\u012f \/ konsultacin\u012f susitikim\u0105 nuotoliniu b\u016bdu, kurio metu susisteminsime informacij\u0105, pad\u0117sime atsakyti \u012f kilusius klausimus, pasidalinsime individualiomis bei profesionaliomis \u012f\u017evalgomis d\u0117l J\u016bs\u0173 verslo pl\u0117tros. Po \u0161io pokalbio J\u016bs ai\u0161kiai \u017einosite, koki\u0173 \u017eingsni\u0173 b\u016btina imtis, kad J\u016bs\u0173 \u012fmon\u0117 pasiekt\u0173 ai\u0161ki\u0173 rezultat\u0173.<\/p>\n<p>[\/et_pb_text][\/et_pb_column][\/et_pb_row][et_pb_row _builder_version=\u201c4.17.4&#8243; _module_preset=\u201cdefault\u201c custom_padding=\u201c1px|||||\u201c global_colors_info=\u201c{}\u201c][et_pb_column type=\u201c4_4&#8243; _builder_version=\u201c4.17.4&#8243; _module_preset=\u201cdefault\u201c global_colors_info=\u201c{}\u201c][et_pb_button button_url=\u201chttps:\/\/calendly.com\/ideamakers\/30min\u201c url_new_window=\u201con\u201c button_text=\u201cDirbkime kartu\u201c button_alignment_tablet=\u201ccenter\u201c button_alignment_phone=\u201ccenter\u201c button_alignment_last_edited=\u201con|phone\u201c module_class=\u201cmobile-full-width\u201c _builder_version=\u201c4.17.4&#8243; _module_preset=\u201cdefault\u201c button_bg_color=\u201cgcid-d5574d0f-8041-444f-b2f6-e6fa18cf3ab5&#8243; custom_margin_tablet=\u201c||||false|false\u201c custom_margin_phone=\u201c||||false|false\u201c custom_margin_last_edited=\u201con|desktop\u201c custom_padding=\u201c1em|2em|1em|2em|true|true\u201c button_letter_spacing_tablet=\u201c\u201c button_letter_spacing_phone=\u201c\u201c button_letter_spacing_last_edited=\u201con|tablet\u201c global_module=\u201c237&#8243; saved_tabs=\u201call\u201c global_colors_info=\u201c{%22gcid-d5574d0f-8041-444f-b2f6-e6fa18cf3ab5%22:%91%22button_bg_color%22%93,%22gcid-d4ba2a8c-436d-481f-8b11-2f06993d9c82%22:%91%22button_bg_color__hover%22%93}\u201c button_bg_enable_color__hover=\u201con\u201c][\/et_pb_button][\/et_pb_column][\/et_pb_row][et_pb_row column_structure=\u201c1_2,1_2&#8243; _builder_version=\u201c4.17.4&#8243; _module_preset=\u201cdefault\u201c global_colors_info=\u201c{}\u201c][et_pb_column type=\u201c1_2&#8243; _builder_version=\u201c4.17.4&#8243; _module_preset=\u201cdefault\u201c global_colors_info=\u201c{}\u201c][et_pb_text _builder_version=\u201c4.17.4&#8243; _module_preset=\u201cdefault\u201c hover_enabled=\u201c0&#8243; global_colors_info=\u201c{}\u201c sticky_enabled=\u201c0&#8243;]<\/p>\n<h3>PASISKOLINTI M\u016aS\u0172 I\u0160MON\u0118 turite dabar, jeigu:<\/h3>\n<ul>\n<li style=\"list-style-type: none;\">\n<ul>\n<li style=\"list-style-type: none;\">\n<ul>\n<li>Tr\u016bksta prek\u0117s \u017eenklo \/ \u017einut\u0117s ai\u0161kumo,<\/li>\n<li>J\u016bs pavargote \u0161vaistyti pinigus reklamai, kuri neveikia,<\/li>\n<li>Darote visk\u0105, k\u0105 galite, ta\u010diau rezultatai vis tiek netenkina,<\/li>\n<li>J\u016bs i\u0161vis neturite \u201epardavim\u0173 piltuv\u0117lio\u201c (<em>sales funnel<\/em>) ir net ne\u017einote kas tai yra arba j\u012f turite, ta\u010diau n\u0117ra toks veiksmingas, kok\u012f nor\u0117tum\u0117te tur\u0117ti,<\/li>\n<li>Turite kit\u0173 problem\u0173, susijusi\u0173 su marketingu \/ prek\u0117s \u017eenklu \/ \u017einute.<\/li>\n<\/ul>\n<\/li>\n<\/ul>\n<\/li>\n<\/ul>\n<p>[\/et_pb_text][\/et_pb_column][et_pb_column type=\u201c1_2&#8243; _builder_version=\u201c4.17.4&#8243; _module_preset=\u201cdefault\u201c global_colors_info=\u201c{}\u201c][et_pb_image src=\u201chttp:\/\/ideamakers.agency\/wp-content\/uploads\/2022\/07\/pexels-andrea-piacquadio-874242-scaled.jpg\u201c title_text=\u201cpexels-andrea-piacquadio-874242&#8243; _builder_version=\u201c4.17.4&#8243; _module_preset=\u201cdefault\u201c global_colors_info=\u201c{}\u201c][\/et_pb_image][\/et_pb_column][\/et_pb_row][et_pb_row column_structure=\u201c1_2,1_2&#8243; _builder_version=\u201c4.17.4&#8243; _module_preset=\u201cdefault\u201c global_colors_info=\u201c{}\u201c][et_pb_column type=\u201c1_2&#8243; _builder_version=\u201c4.17.4&#8243; _module_preset=\u201cdefault\u201c global_colors_info=\u201c{}\u201c][et_pb_image src=\u201chttp:\/\/ideamakers.agency\/wp-content\/uploads\/2022\/07\/pexels-andrea-piacquadio-3756679-scaled.jpg\u201c title_text=\u201cpexels-andrea-piacquadio-3756679&#8243; _builder_version=\u201c4.17.4&#8243; _module_preset=\u201cdefault\u201c global_colors_info=\u201c{}\u201c][\/et_pb_image][\/et_pb_column][et_pb_column type=\u201c1_2&#8243; _builder_version=\u201c4.17.4&#8243; _module_preset=\u201cdefault\u201c global_colors_info=\u201c{}\u201c][et_pb_text _builder_version=\u201c4.17.4&#8243; _module_preset=\u201cdefault\u201c hover_enabled=\u201c0&#8243; global_colors_info=\u201c{}\u201c sticky_enabled=\u201c0&#8243;]<\/p>\n<h3>Kaip tai veikia?<\/h3>\n<ol>\n<li>Papras\u010diausiai paspauskite \u201eDIRBKIME KARTU\u201c,<\/li>\n<li>pasirinkite laik\u0105,<\/li>\n<li>u\u017epildykite klausimyn\u0105 ir<\/li>\n<li>gaukite NEMOKAM\u0104 15 minu\u010di\u0173 konsultaciij\u0105.<\/li>\n<li>Skambu\u010dio metu trumpai prisistatysite, su\u017einosime J\u016bs\u0173 l\u016bkes\u010dius ir susitarsime d\u0117l 1 valandos strateginio susitikimo.<\/li>\n<li>Po \u0161io strateginio susitikimo J\u016bs tur\u0117site ai\u0161k\u0173 plan\u0105, \u0161vie\u017ei\u0173 min\u010di\u0173 ir id\u0117j\u0173 J\u016bs\u0173 verslo pl\u0117trai.<\/li>\n<\/ol>\n<p>[\/et_pb_text][\/et_pb_column][\/et_pb_row][et_pb_row _builder_version=\u201c4.17.4&#8243; _module_preset=\u201cdefault\u201c global_colors_info=\u201c{}\u201c][et_pb_column type=\u201c4_4&#8243; _builder_version=\u201c4.17.4&#8243; _module_preset=\u201cdefault\u201c global_colors_info=\u201c{}\u201c][et_pb_button button_url=\u201chttps:\/\/calendly.com\/ideamakers\/30min\u201c url_new_window=\u201con\u201c button_text=\u201cDirbkime kartu\u201c button_alignment_tablet=\u201ccenter\u201c button_alignment_phone=\u201ccenter\u201c button_alignment_last_edited=\u201con|phone\u201c module_class=\u201cmobile-full-width\u201c _builder_version=\u201c4.17.4&#8243; _module_preset=\u201cdefault\u201c button_bg_color=\u201cgcid-d5574d0f-8041-444f-b2f6-e6fa18cf3ab5&#8243; custom_margin_tablet=\u201c||||false|false\u201c custom_margin_phone=\u201c||||false|false\u201c custom_margin_last_edited=\u201con|desktop\u201c custom_padding=\u201c1em|2em|1em|2em|true|true\u201c button_letter_spacing_tablet=\u201c\u201c button_letter_spacing_phone=\u201c\u201c button_letter_spacing_last_edited=\u201con|tablet\u201c global_module=\u201c237&#8243; saved_tabs=\u201call\u201c global_colors_info=\u201c{%22gcid-d5574d0f-8041-444f-b2f6-e6fa18cf3ab5%22:%91%22button_bg_color%22%93,%22gcid-d4ba2a8c-436d-481f-8b11-2f06993d9c82%22:%91%22button_bg_color__hover%22%93}\u201c button_bg_enable_color__hover=\u201con\u201c][\/et_pb_button][\/et_pb_column][\/et_pb_row][\/et_pb_section]<\/p>\n<span class=\"et_bloom_bottom_trigger\"><\/span>","protected":false},"excerpt":{"rendered":"<p>PASISKOLINKITE M\u016aS\u0172 I\u0160MON\u0118Ar kada tur\u0117jote abejoni\u0173 d\u0117l to k\u0105 ir kaip si\u016blote? Ar tinkamai pristatote savo prek\u0117s \u017eenkl\u0105? Galb\u016bt J\u016bs\u0173 \u017einut\u0117 n\u0117ra iki galo ai\u0161ki ir ne\u017einote nuo ko prad\u0117ti? \u201ePardavim\u0173 piltuv\u0117lis\u201c (sales funnel) neveikia taip, kaip nor\u0117tum\u0117te, kad veikt\u0173? Jums reikia \u017emogaus, kuris gal\u0117t\u0173 pad\u0117ti sugeneruoti id\u0117jas, susisteminti esam\u0105 informacij\u0105 ir suteikti nauj\u0173, profesionali\u0173 [&hellip;]<\/p>\n","protected":false},"author":2,"featured_media":0,"parent":73,"menu_order":0,"comment_status":"closed","ping_status":"closed","template":"","meta":{"_et_pb_use_builder":"on","_et_pb_old_content":"","_et_gb_content_width":"","inline_featured_image":false},"_links":{"self":[{"href":"https:\/\/ideamakers.agency\/index.php\/wp-json\/wp\/v2\/pages\/60291"}],"collection":[{"href":"https:\/\/ideamakers.agency\/index.php\/wp-json\/wp\/v2\/pages"}],"about":[{"href":"https:\/\/ideamakers.agency\/index.php\/wp-json\/wp\/v2\/types\/page"}],"author":[{"embeddable":true,"href":"https:\/\/ideamakers.agency\/index.php\/wp-json\/wp\/v2\/users\/2"}],"replies":[{"embeddable":true,"href":"https:\/\/ideamakers.agency\/index.php\/wp-json\/wp\/v2\/comments?post=60291"}],"version-history":[{"count":15,"href":"https:\/\/ideamakers.agency\/index.php\/wp-json\/wp\/v2\/pages\/60291\/revisions"}],"predecessor-version":[{"id":60829,"href":"https:\/\/ideamakers.agency\/index.php\/wp-json\/wp\/v2\/pages\/60291\/revisions\/60829"}],"up":[{"embeddable":true,"href":"https:\/\/ideamakers.agency\/index.php\/wp-json\/wp\/v2\/pages\/73"}],"wp:attachment":[{"href":"https:\/\/ideamakers.agency\/index.php\/wp-json\/wp\/v2\/media?parent=60291"}],"curies":[{"name":"wp","href":"https:\/\/api.w.org\/{rel}","templated":true}]}}